{"id":2,"date":"2025-01-14T13:14:36","date_gmt":"2025-01-14T13:14:36","guid":{"rendered":"https:\/\/nttechnic.com.tr\/?page_id=2"},"modified":"2025-01-24T15:22:13","modified_gmt":"2025-01-24T12:22:13","slug":"hakkimizda","status":"publish","type":"page","link":"https:\/\/nttechnic.com.tr\/ru\/hakkimizda\/","title":{"rendered":"\u043e \u043d\u0430\u0441"},"content":{"rendered":"<div class=\"style-205 style-local-2-c1 position-relative\" data-colibri-id=\"2-c1\">\n<div id=\"custom\" class=\"h-section h-section-global-spacing d-flex align-items-lg-center align-items-md-center align-items-center style-220 style-local-2-c2 position-relative\" data-colibri-component=\"section\" data-colibri-id=\"2-c2\">\n<div class=\"h-separator\" style=\"height: 300px; bottom: calc(-1px);\"><\/div>\n<div class=\"h-section-grid-container h-section-boxed-container\">\n<div class=\"h-row-container gutters-row-lg-2 gutters-row-md-2 gutters-row-0 gutters-row-v-lg-2 gutters-row-v-md-2 gutters-row-v-2 style-221 style-local-2-c3 position-relative\" data-colibri-id=\"2-c3\">\n<div class=\"h-row justify-content-lg-center justify-content-md-center justify-content-center align-items-lg-stretch align-items-md-stretch align-items-stretch gutters-col-lg-2 gutters-col-md-2 gutters-col-0 gutters-col-v-lg-2 gutters-col-v-md-2 gutters-col-v-2\">\n<div class=\"h-column h-column-container d-flex h-col-lg-auto h-col-md-auto h-col-auto style-222-outer style-local-2-c4-outer\">\n<div class=\"d-flex h-flex-basis h-column__inner h-px-lg-2 h-px-md-2 h-px-2 v-inner-lg-2 v-inner-md-2 v-inner-2 style-222 style-local-2-c4 position-relative\" data-colibri-id=\"2-c4\">\n<div class=\"w-100 h-y-container h-column__content h-column__v-align flex-basis-100 align-self-lg-start align-self-md-start align-self-start\">\n<div class=\"h-text h-text-component style-224 style-local-2-c5 position-relative h-element\" data-colibri-id=\"2-c5\">\n<div class=\"\">\n\n<em style=\"font-family: Roboto, arial, sans-serif; color: inherit; font-size: inherit;\"><img data-opt-id=236148247  fetchpriority=\"high\" decoding=\"async\" class=\"style-225-image style-local-2-c7-image wp-image-146  alignleft\" src=\"https:\/\/ml7acoss9dbw.i.optimole.com\/w:300\/h:300\/q:mauto\/f:best\/https:\/\/nttechnic.com.tr\/wp-content\/uploads\/2025\/01\/ntlogo.png\" alt=\"\" width=\"313\" height=\"313\" srcset=\"https:\/\/ml7acoss9dbw.i.optimole.com\/w:300\/h:300\/q:mauto\/f:best\/https:\/\/nttechnic.com.tr\/wp-content\/uploads\/2025\/01\/ntlogo.png 300w, https:\/\/ml7acoss9dbw.i.optimole.com\/w:150\/h:150\/q:mauto\/f:best\/https:\/\/nttechnic.com.tr\/wp-content\/uploads\/2025\/01\/ntlogo.png 150w, https:\/\/ml7acoss9dbw.i.optimole.com\/w:859\/h:863\/q:mauto\/f:best\/https:\/\/nttechnic.com.tr\/wp-content\/uploads\/2025\/01\/ntlogo.png 859w, https:\/\/ml7acoss9dbw.i.optimole.com\/w:859\/h:863\/q:mauto\/f:best\/dpr:2\/https:\/\/nttechnic.com.tr\/wp-content\/uploads\/2025\/01\/ntlogo.png 2x\" sizes=\"(max-width: 313px) 100vw, 313px\" \/>1995<\/em>&#8216;ten bu yana<strong style=\"font-family: Roboto, arial, sans-serif; color: inherit; font-weight: bold; font-size: inherit;\">\u00a0N.T. Technic<\/strong> olarak sundu\u011fumuz hizmetlerde kusursuzluk anlay\u0131\u015f\u0131 ile kalite \u00e7\u0131tas\u0131n\u0131 en yukar\u0131 \u00e7ekerek bunu standart haline getirmeyi hedefliyoruz. Bu \u00e7er\u00e7evede konser organizasyonlar\u0131, protokol trib\u00fcn\u00fc, sahne, podyum tasar\u0131m ve uygulamalar\u0131, festival ekipmanlar\u0131 A&#8217;dan Z&#8217;ye t\u00fcm detaylar,\u00a0<strong style=\"font-family: Roboto, arial, sans-serif; color: inherit; font-weight: bold; font-size: inherit;\">N.T. Technic<\/strong>&#8216;in kurumsal deneyim ve yarat\u0131c\u0131l\u0131\u011f\u0131 ile \u00e7\u00f6z\u00fcl\u00fcrken, siz sorumlulu\u011funuzu g\u00fcvenle devretmenin rahatl\u0131\u011f\u0131n\u0131 hissedin.\n\nAkl\u0131n\u0131zdan ge\u00e7en ve ger\u00e7e\u011fe d\u00f6n\u00fc\u015ft\u00fcrmek istedi\u011finiz b\u00fct\u00fcn organizasyonlar\u0131n\u0131z i\u00e7in her t\u00fcrl\u00fc ses, \u0131\u015f\u0131k, sahne, led ekran, jenerat\u00f6r sistemleri ile ihtiyac\u0131n\u0131z olabilecek di\u011fer t\u00fcm teknolojik ekipmanlar ve bu konuda yeti\u015fmi\u015f uzman personel deste\u011fi sizlere\u00a0<strong style=\"font-family: Roboto, arial, sans-serif; color: inherit; font-weight: bold; font-size: inherit;\">N.T. Technic\u00a0<\/strong>taraf\u0131ndan sunulmaktad\u0131r.\n\n<strong style=\"font-family: Roboto, arial, sans-serif; color: inherit; font-weight: bold; font-size: inherit;\">TEKN\u0130K SERV\u0130S<\/strong>\n\nFirmam\u0131z sat\u0131\u015f, kiralama ve pazarlama hizmetlerinin yan\u0131nda teknik servis hizmetlerini de kendine g\u00f6rev edinmi\u015ftir. Sat\u0131\u015f \u00f6ncesi ve sonras\u0131 sorunlarla ilgili konulara b\u00fcy\u00fck bir dikkatle yakla\u015farak i\u015fletmelerin m\u00fc\u015fterilerine verdi\u011fi hizmet ve aktivitelerini aksatmamas\u0131 i\u00e7in 7\/24 servis hizmetimizle m\u00fc\u015fterilerimizin memnuniyetini sa\u011flamaktay\u0131z. Ayr\u0131ca ar\u0131zal\u0131 \u00fcr\u00fcnlerinizin yerine muadil \u00fcr\u00fcnler vererek hizmetinizin devaml\u0131l\u0131\u011f\u0131n\u0131 sa\u011flamaktay\u0131z.\n\nSezon sonu, sezon ba\u015f\u0131 montaj ve de montaj hizmetlerini yetkili ve deneyimli teknisyenlerimizle vermekteyiz. Sezon sonu bak\u0131mlar\u0131 ve ar\u0131za tespitleri gibi hizmetlerle de s\u0131n\u0131rs\u0131z hizmet politikam\u0131z\u0131 s\u00fcrd\u00fcrmekteyiz.\n\n<\/div>\n<\/div>\n<\/div>\n<\/div>\n<\/div>\n<div class=\"h-column h-column-container d-flex h-col-lg-auto h-col-md-auto h-col-auto style-223-outer style-local-2-c6-outer\">\n<div class=\"d-flex h-flex-basis h-column__inner h-px-lg-2 h-px-md-2 h-px-2 v-inner-lg-2 v-inner-md-2 v-inner-2 style-223 style-local-2-c6 position-relative\" data-colibri-id=\"2-c6\">\n<div class=\"w-100 h-y-container h-column__content h-column__v-align flex-basis-100 align-self-lg-start align-self-md-start align-self-start\">\n<div class=\"d-block style-225 style-local-2-c7 position-relative h-element\" data-colibri-id=\"2-c7\">\n<div class=\"h-image__frame-container-outer\">\n<div class=\"h-image__frame-container\">\n<div class=\"h-image__frame h-hide-lg h-hide-md h-hide-sm style-225-frameImage style-local-2-c7-frameImage\"><\/div>\n<\/div>\n<\/div>\n<\/div>\n<\/div>\n<\/div>\n<\/div>\n<\/div>\n<\/div>\n<\/div>\n<\/div>\n<\/div>","protected":false},"excerpt":{"rendered":"<p>1995&#8216;ten bu yana\u00a0N.T. Technic olarak sundu\u011fumuz hizmetlerde kusursuzluk anlay\u0131\u015f\u0131 ile kalite \u00e7\u0131tas\u0131n\u0131 en yukar\u0131 \u00e7ekerek bunu standart haline getirmeyi hedefliyoruz. Bu \u00e7er\u00e7evede konser organizasyonlar\u0131, protokol trib\u00fcn\u00fc, sahne, podyum tasar\u0131m ve uygulamalar\u0131, festival ekipmanlar\u0131 A&#8217;dan Z&#8217;ye t\u00fcm detaylar,\u00a0N.T. Technic&#8216;in kurumsal deneyim ve yarat\u0131c\u0131l\u0131\u011f\u0131 ile \u00e7\u00f6z\u00fcl\u00fcrken, siz sorumlulu\u011funuzu g\u00fcvenle devretmenin rahatl\u0131\u011f\u0131n\u0131 hissedin. Akl\u0131n\u0131zdan ge\u00e7en ve ger\u00e7e\u011fe d\u00f6n\u00fc\u015ft\u00fcrmek [&hellip;]<\/p>\n","protected":false},"author":2,"featured_media":0,"parent":0,"menu_order":0,"comment_status":"closed","ping_status":"closed","template":"","meta":{"footnotes":""},"class_list":["post-2","page","type-page","status-publish","hentry"],"yoast_head":"<!-- This site is optimized with the Yoast SEO plugin v27.4 - https:\/\/yoast.com\/product\/yoast-seo-wordpress\/ -->\n<title>hakk\u0131m\u0131zda<\/title>\n<meta name=\"description\" content=\"1995\u2018ten bu yana N.T. Technic olaraksundu\u011fumuz hizmetlerde kusursuzluk anlay\u0131\u015f\u0131 ile kalite \u00e7\u0131tas\u0131n\u0131 en yukar\u0131 \u00e7ekerek bunu standart haline getirmeyi hedefliyoruz. Bu \u00e7er\u00e7evede konser organizasyonlar\u0131, protokol trib\u00fcn\u00fc, sahne, podyum tasar\u0131m ve uygulamalar\u0131, festival ekipmanlar\u0131\" \/>\n<meta name=\"robots\" content=\"index, follow, max-snippet:-1, max-image-preview:large, max-video-preview:-1\" \/>\n<link rel=\"canonical\" href=\"https:\/\/nttechnic.com.tr\/ru\/hakkimizda\/\" \/>\n<meta property=\"og:locale\" content=\"ru_RU\" \/>\n<meta property=\"og:type\" content=\"article\" \/>\n<meta property=\"og:title\" content=\"hakk\u0131m\u0131zda\" \/>\n<meta property=\"og:description\" content=\"1995\u2018ten bu yana N.T. Technic olaraksundu\u011fumuz hizmetlerde kusursuzluk anlay\u0131\u015f\u0131 ile kalite \u00e7\u0131tas\u0131n\u0131 en yukar\u0131 \u00e7ekerek bunu standart haline getirmeyi hedefliyoruz. Bu \u00e7er\u00e7evede konser organizasyonlar\u0131, protokol trib\u00fcn\u00fc, sahne, podyum tasar\u0131m ve uygulamalar\u0131, festival ekipmanlar\u0131\" \/>\n<meta property=\"og:url\" content=\"https:\/\/nttechnic.com.tr\/ru\/hakkimizda\/\" \/>\n<meta property=\"og:site_name\" content=\"NT TECHNIC\" \/>\n<meta property=\"article:publisher\" content=\"https:\/\/www.fb.com\/nttechnic\" \/>\n<meta property=\"article:modified_time\" content=\"2025-01-24T12:22:13+00:00\" \/>\n<meta property=\"og:image\" content=\"https:\/\/ml7acoss9dbw.i.optimole.com\/w:auto\/h:auto\/q:mauto\/f:best\/https:\/\/nttechnic.com.tr\/wp-content\/uploads\/2025\/01\/ntlogo.png\" \/>\n\t<meta property=\"og:image:width\" content=\"859\" \/>\n\t<meta property=\"og:image:height\" content=\"863\" \/>\n\t<meta property=\"og:image:type\" content=\"image\/png\" \/>\n<meta name=\"twitter:card\" content=\"summary_large_image\" \/>\n<meta name=\"twitter:label1\" content=\"\u041f\u0440\u0438\u043c\u0435\u0440\u043d\u043e\u0435 \u0432\u0440\u0435\u043c\u044f \u0434\u043b\u044f \u0447\u0442\u0435\u043d\u0438\u044f\" \/>\n\t<meta name=\"twitter:data1\" content=\"2 \u043c\u0438\u043d\u0443\u0442\u044b\" \/>\n<script type=\"application\/ld+json\" class=\"yoast-schema-graph\">{\"@context\":\"https:\\\/\\\/schema.org\",\"@graph\":[{\"@type\":\"WebPage\",\"@id\":\"https:\\\/\\\/nttechnic.com.tr\\\/hakkimizda\\\/\",\"url\":\"https:\\\/\\\/nttechnic.com.tr\\\/hakkimizda\\\/\",\"name\":\"hakk\u0131m\u0131zda\",\"isPartOf\":{\"@id\":\"https:\\\/\\\/nttechnic.com.tr\\\/#website\"},\"primaryImageOfPage\":{\"@id\":\"https:\\\/\\\/nttechnic.com.tr\\\/hakkimizda\\\/#primaryimage\"},\"image\":{\"@id\":\"https:\\\/\\\/nttechnic.com.tr\\\/hakkimizda\\\/#primaryimage\"},\"thumbnailUrl\":\"https:\\/\\/nttechnic.com.tr\\/wp-content\\/uploads\\/2025\\/01\\/ntlogo-300x300.png\",\"datePublished\":\"2025-01-14T13:14:36+00:00\",\"dateModified\":\"2025-01-24T12:22:13+00:00\",\"description\":\"1995\u2018ten bu yana N.T. Technic olaraksundu\u011fumuz hizmetlerde kusursuzluk anlay\u0131\u015f\u0131 ile kalite \u00e7\u0131tas\u0131n\u0131 en yukar\u0131 \u00e7ekerek bunu standart haline getirmeyi hedefliyoruz. Bu \u00e7er\u00e7evede konser organizasyonlar\u0131, protokol trib\u00fcn\u00fc, sahne, podyum tasar\u0131m ve uygulamalar\u0131, festival ekipmanlar\u0131\",\"breadcrumb\":{\"@id\":\"https:\\\/\\\/nttechnic.com.tr\\\/hakkimizda\\\/#breadcrumb\"},\"inLanguage\":\"ru-RU\",\"potentialAction\":[{\"@type\":\"ReadAction\",\"target\":[\"https:\\\/\\\/nttechnic.com.tr\\\/hakkimizda\\\/\"]}]},{\"@type\":\"ImageObject\",\"inLanguage\":\"ru-RU\",\"@id\":\"https:\\\/\\\/nttechnic.com.tr\\\/hakkimizda\\\/#primaryimage\",\"url\":\"https:\\/\\/nttechnic.com.tr\\/wp-content\\/uploads\\/2025\\/01\\/ntlogo-300x300.png\",\"contentUrl\":\"https:\\/\\/nttechnic.com.tr\\/wp-content\\/uploads\\/2025\\/01\\/ntlogo-300x300.png\"},{\"@type\":\"BreadcrumbList\",\"@id\":\"https:\\\/\\\/nttechnic.com.tr\\\/hakkimizda\\\/#breadcrumb\",\"itemListElement\":[{\"@type\":\"ListItem\",\"position\":1,\"name\":\"Anasayfa\",\"item\":\"https:\\\/\\\/nttechnic.com.tr\\\/\"},{\"@type\":\"ListItem\",\"position\":2,\"name\":\"Hakk\u0131m\u0131zda\"}]},{\"@type\":\"WebSite\",\"@id\":\"https:\\\/\\\/nttechnic.com.tr\\\/#website\",\"url\":\"https:\\\/\\\/nttechnic.com.tr\\\/\",\"name\":\"NT TECHNIC\",\"description\":\"N.T. Technic - Sound - Light - Vision - Stage - Systems\",\"publisher\":{\"@id\":\"https:\\\/\\\/nttechnic.com.tr\\\/#organization\"},\"potentialAction\":[{\"@type\":\"SearchAction\",\"target\":{\"@type\":\"EntryPoint\",\"urlTemplate\":\"https:\\\/\\\/nttechnic.com.tr\\\/?s={search_term_string}\"},\"query-input\":{\"@type\":\"PropertyValueSpecification\",\"valueRequired\":true,\"valueName\":\"search_term_string\"}}],\"inLanguage\":\"ru-RU\"},{\"@type\":\"Organization\",\"@id\":\"https:\\\/\\\/nttechnic.com.tr\\\/#organization\",\"name\":\"NT TECHNIC\",\"url\":\"https:\\\/\\\/nttechnic.com.tr\\\/\",\"logo\":{\"@type\":\"ImageObject\",\"inLanguage\":\"ru-RU\",\"@id\":\"https:\\\/\\\/nttechnic.com.tr\\\/#\\\/schema\\\/logo\\\/image\\\/\",\"url\":\"https:\\/\\/nttechnic.com.tr\\/wp-content\\/uploads\\/2025\\/01\\/cropped-ntlogo.png\",\"contentUrl\":\"https:\\/\\/nttechnic.com.tr\\/wp-content\\/uploads\\/2025\\/01\\/cropped-ntlogo.png\",\"width\":858,\"height\":859,\"caption\":\"NT TECHNIC\"},\"image\":{\"@id\":\"https:\\\/\\\/nttechnic.com.tr\\\/#\\\/schema\\\/logo\\\/image\\\/\"},\"sameAs\":[\"https:\\\/\\\/www.fb.com\\\/nttechnic\",\"https:\\\/\\\/www.instagram.com\\\/nttechnic\"]}]}<\/script>\n<!-- \/ Yoast SEO plugin. -->","yoast_head_json":{"title":"hakk\u0131m\u0131zda","description":"1995\u2018ten bu yana N.T. Technic olaraksundu\u011fumuz hizmetlerde kusursuzluk anlay\u0131\u015f\u0131 ile kalite \u00e7\u0131tas\u0131n\u0131 en yukar\u0131 \u00e7ekerek bunu standart haline getirmeyi hedefliyoruz. Bu \u00e7er\u00e7evede konser organizasyonlar\u0131, protokol trib\u00fcn\u00fc, sahne, podyum tasar\u0131m ve uygulamalar\u0131, festival ekipmanlar\u0131","robots":{"index":"index","follow":"follow","max-snippet":"max-snippet:-1","max-image-preview":"max-image-preview:large","max-video-preview":"max-video-preview:-1"},"canonical":"https:\/\/nttechnic.com.tr\/ru\/hakkimizda\/","og_locale":"ru_RU","og_type":"article","og_title":"hakk\u0131m\u0131zda","og_description":"1995\u2018ten bu yana N.T. Technic olaraksundu\u011fumuz hizmetlerde kusursuzluk anlay\u0131\u015f\u0131 ile kalite \u00e7\u0131tas\u0131n\u0131 en yukar\u0131 \u00e7ekerek bunu standart haline getirmeyi hedefliyoruz. Bu \u00e7er\u00e7evede konser organizasyonlar\u0131, protokol trib\u00fcn\u00fc, sahne, podyum tasar\u0131m ve uygulamalar\u0131, festival ekipmanlar\u0131","og_url":"https:\/\/nttechnic.com.tr\/ru\/hakkimizda\/","og_site_name":"NT TECHNIC","article_publisher":"https:\/\/www.fb.com\/nttechnic","article_modified_time":"2025-01-24T12:22:13+00:00","og_image":[{"width":859,"height":863,"url":"https:\/\/ml7acoss9dbw.i.optimole.com\/w:auto\/h:auto\/q:mauto\/f:best\/https:\/\/nttechnic.com.tr\/wp-content\/uploads\/2025\/01\/ntlogo.png","type":"image\/png"}],"twitter_card":"summary_large_image","twitter_misc":{"\u041f\u0440\u0438\u043c\u0435\u0440\u043d\u043e\u0435 \u0432\u0440\u0435\u043c\u044f \u0434\u043b\u044f \u0447\u0442\u0435\u043d\u0438\u044f":"2 \u043c\u0438\u043d\u0443\u0442\u044b"},"schema":{"@context":"https:\/\/schema.org","@graph":[{"@type":"WebPage","@id":"https:\/\/nttechnic.com.tr\/hakkimizda\/","url":"https:\/\/nttechnic.com.tr\/hakkimizda\/","name":"hakk\u0131m\u0131zda","isPartOf":{"@id":"https:\/\/nttechnic.com.tr\/#website"},"primaryImageOfPage":{"@id":"https:\/\/nttechnic.com.tr\/hakkimizda\/#primaryimage"},"image":{"@id":"https:\/\/nttechnic.com.tr\/hakkimizda\/#primaryimage"},"thumbnailUrl":"https:\/\/ml7acoss9dbw.i.optimole.com\/w:300\/h:300\/q:mauto\/f:best\/https:\/\/nttechnic.com.tr\/wp-content\/uploads\/2025\/01\/ntlogo.png","datePublished":"2025-01-14T13:14:36+00:00","dateModified":"2025-01-24T12:22:13+00:00","description":"1995\u2018ten bu yana N.T. Technic olaraksundu\u011fumuz hizmetlerde kusursuzluk anlay\u0131\u015f\u0131 ile kalite \u00e7\u0131tas\u0131n\u0131 en yukar\u0131 \u00e7ekerek bunu standart haline getirmeyi hedefliyoruz. Bu \u00e7er\u00e7evede konser organizasyonlar\u0131, protokol trib\u00fcn\u00fc, sahne, podyum tasar\u0131m ve uygulamalar\u0131, festival ekipmanlar\u0131","breadcrumb":{"@id":"https:\/\/nttechnic.com.tr\/hakkimizda\/#breadcrumb"},"inLanguage":"ru-RU","potentialAction":[{"@type":"ReadAction","target":["https:\/\/nttechnic.com.tr\/hakkimizda\/"]}]},{"@type":"ImageObject","inLanguage":"ru-RU","@id":"https:\/\/nttechnic.com.tr\/hakkimizda\/#primaryimage","url":"https:\/\/ml7acoss9dbw.i.optimole.com\/w:300\/h:300\/q:mauto\/f:best\/https:\/\/nttechnic.com.tr\/wp-content\/uploads\/2025\/01\/ntlogo.png","contentUrl":"https:\/\/ml7acoss9dbw.i.optimole.com\/w:300\/h:300\/q:mauto\/f:best\/https:\/\/nttechnic.com.tr\/wp-content\/uploads\/2025\/01\/ntlogo.png"},{"@type":"BreadcrumbList","@id":"https:\/\/nttechnic.com.tr\/hakkimizda\/#breadcrumb","itemListElement":[{"@type":"ListItem","position":1,"name":"Anasayfa","item":"https:\/\/nttechnic.com.tr\/"},{"@type":"ListItem","position":2,"name":"Hakk\u0131m\u0131zda"}]},{"@type":"WebSite","@id":"https:\/\/nttechnic.com.tr\/#website","url":"https:\/\/nttechnic.com.tr\/","name":"NT TECHNIC","description":"N.T. Technic - Sound - Light - Vision - Stage - Systems","publisher":{"@id":"https:\/\/nttechnic.com.tr\/#organization"},"potentialAction":[{"@type":"SearchAction","target":{"@type":"EntryPoint","urlTemplate":"https:\/\/nttechnic.com.tr\/?s={search_term_string}"},"query-input":{"@type":"PropertyValueSpecification","valueRequired":true,"valueName":"search_term_string"}}],"inLanguage":"ru-RU"},{"@type":"Organization","@id":"https:\/\/nttechnic.com.tr\/#organization","name":"NT TECHNIC","url":"https:\/\/nttechnic.com.tr\/","logo":{"@type":"ImageObject","inLanguage":"ru-RU","@id":"https:\/\/nttechnic.com.tr\/#\/schema\/logo\/image\/","url":"https:\/\/ml7acoss9dbw.i.optimole.com\/w:auto\/h:auto\/q:mauto\/f:best\/https:\/\/nttechnic.com.tr\/wp-content\/uploads\/2025\/01\/cropped-ntlogo.png","contentUrl":"https:\/\/ml7acoss9dbw.i.optimole.com\/w:auto\/h:auto\/q:mauto\/f:best\/https:\/\/nttechnic.com.tr\/wp-content\/uploads\/2025\/01\/cropped-ntlogo.png","width":858,"height":859,"caption":"NT TECHNIC"},"image":{"@id":"https:\/\/nttechnic.com.tr\/#\/schema\/logo\/image\/"},"sameAs":["https:\/\/www.fb.com\/nttechnic","https:\/\/www.instagram.com\/nttechnic"]}]}},"_links":{"self":[{"href":"https:\/\/nttechnic.com.tr\/ru\/wp-json\/wp\/v2\/pages\/2","targetHints":{"allow":["GET"]}}],"collection":[{"href":"https:\/\/nttechnic.com.tr\/ru\/wp-json\/wp\/v2\/pages"}],"about":[{"href":"https:\/\/nttechnic.com.tr\/ru\/wp-json\/wp\/v2\/types\/page"}],"author":[{"embeddable":true,"href":"https:\/\/nttechnic.com.tr\/ru\/wp-json\/wp\/v2\/users\/2"}],"replies":[{"embeddable":true,"href":"https:\/\/nttechnic.com.tr\/ru\/wp-json\/wp\/v2\/comments?post=2"}],"version-history":[{"count":13,"href":"https:\/\/nttechnic.com.tr\/ru\/wp-json\/wp\/v2\/pages\/2\/revisions"}],"predecessor-version":[{"id":631,"href":"https:\/\/nttechnic.com.tr\/ru\/wp-json\/wp\/v2\/pages\/2\/revisions\/631"}],"wp:attachment":[{"href":"https:\/\/nttechnic.com.tr\/ru\/wp-json\/wp\/v2\/media?parent=2"}],"curies":[{"name":"wp","href":"https:\/\/api.w.org\/{rel}","templated":true}]}}