{"id":205,"date":"2025-01-18T13:20:40","date_gmt":"2025-01-18T10:20:40","guid":{"rendered":"https:\/\/nttechnic.com.tr\/?page_id=205"},"modified":"2025-01-21T12:02:03","modified_gmt":"2025-01-21T09:02:03","slug":"iletisim","status":"publish","type":"page","link":"https:\/\/nttechnic.com.tr\/de\/iletisim\/","title":{"rendered":"Kontakt"},"content":{"rendered":"<div class=\"forminator-ui forminator-custom-form forminator-custom-form-204 forminator-design--default  forminator_ajax\" data-forminator-render=\"0\" data-form=\"forminator-module-204\" data-uid=\"69e04116bb716\"><br\/><\/div><form\n\t\t\t\tid=\"forminator-module-204\"\n\t\t\t\tclass=\"forminator-ui forminator-custom-form forminator-custom-form-204 forminator-design--default  forminator_ajax\"\n\t\t\t\tmethod=\"post\"\n\t\t\t\tdata-forminator-render=\"0\"\n\t\t\t\tdata-form-id=\"204\"\n\t\t\t\t data-color-option=\"theme\" data-design=\"default\" data-grid=\"open\" style=\"display: none;\"\n\t\t\t\tdata-uid=\"69e04116bb716\" action=\"\"\n\t\t\t><div role=\"alert\" aria-live=\"polite\" class=\"forminator-response-message forminator-error\" aria-hidden=\"true\"><\/div><div class=\"forminator-row\"><div id=\"name-1\" class=\"forminator-field-name forminator-col forminator-col-12\"><div class=\"forminator-row forminator-no-margin\" data-multiple=\"true\"><div class=\"forminator-col forminator-col-md-6\"><div class=\"forminator-field\"><label for=\"forminator-field-first-name-1_69e04116bb716\" id=\"forminator-field-first-name-1_69e04116bb716-label\" class=\"forminator-label\">Ad\u0131n\u0131z<\/label><input type=\"text\" name=\"name-1-first-name\" placeholder=\"Ad\u0131n\u0131z\" id=\"forminator-field-first-name-1_69e04116bb716\" class=\"forminator-input\" aria-required=\"false\" data-multi=\"1\" autocomplete=\"given-name\" value=\"\" \/><\/div><\/div><div class=\"forminator-col forminator-col-md-6\"><div class=\"forminator-field\"><label for=\"forminator-field-last-name-1_69e04116bb716\" id=\"forminator-field-last-name-1_69e04116bb716-label\" class=\"forminator-label\">Soyad\u0131n\u0131z<\/label><input type=\"text\" name=\"name-1-last-name\" placeholder=\"Soyad\u0131n\u0131z\" id=\"forminator-field-last-name-1_69e04116bb716\" class=\"forminator-input\" aria-required=\"false\" data-multi=\"1\" autocomplete=\"family-name\" value=\"\" \/><\/div><\/div><\/div><\/div><\/div><div class=\"forminator-row\"><div id=\"email-1\" class=\"forminator-field-email forminator-col forminator-col-12\"><div class=\"forminator-field\"><label for=\"forminator-field-email-1_69e04116bb716\" id=\"forminator-field-email-1_69e04116bb716-label\" class=\"forminator-label\">E-posta Adresi <span class=\"forminator-required\">*<\/span><\/label><input type=\"email\" name=\"email-1\" value=\"\" placeholder=\"\u00d6rn: info@nttechnic.com.tr\" id=\"forminator-field-email-1_69e04116bb716\" class=\"forminator-input forminator-email--field\" data-required=\"true\" aria-required=\"true\" autocomplete=\"email\" \/><\/div><\/div><\/div><div class=\"forminator-row\"><div id=\"phone-1\" class=\"forminator-field-phone forminator-col forminator-col-12\"><div class=\"forminator-field\"><label for=\"forminator-field-phone-1_69e04116bb716\" id=\"forminator-field-phone-1_69e04116bb716-label\" class=\"forminator-label\">Telefon Numaras\u0131 <span class=\"forminator-required\">*<\/span><\/label><input type=\"text\" name=\"phone-1\" value=\"\" placeholder=\"\u00d6rn: 555 555 55 55\" id=\"forminator-field-phone-1_69e04116bb716\" class=\"forminator-input forminator-field--phone\" data-required=\"1\" aria-required=\"true\" autocomplete=\"off\" \/><\/div><\/div><\/div><div class=\"forminator-row\"><div id=\"textarea-1\" class=\"forminator-field-textarea forminator-col forminator-col-12\"><div class=\"forminator-field\"><label for=\"forminator-field-textarea-1_69e04116bb716\" id=\"forminator-field-textarea-1_69e04116bb716-label\" class=\"forminator-label\">Mesaj<\/label><textarea name=\"textarea-1\" placeholder=\"Mesaj\u0131n\u0131z\u0131 giriniz...\" id=\"forminator-field-textarea-1_69e04116bb716\" class=\"forminator-textarea\" rows=\"6\" style=\"min-height:140px;\" maxlength=\"180\" ><\/textarea><span id=\"forminator-field-textarea-1_69e04116bb716-description\" class=\"forminator-description\"><span data-limit=\"180\" data-type=\"characters\" data-editor=\"\">0 \/ 180<\/span><\/span><\/div><\/div><\/div><div class=\"forminator-row\" style=\"margin: 0;\"><div id=\"captcha-1\" class=\"forminator-field-captcha  forminator-col-12\"><div class=\"forminator-captcha-left forminator-g-recaptcha recaptcha-invisible\" data-theme=\"light\" data-badge=\"bottomright\" data-sitekey=\"6Ld8cLsqAAAAANtxcSsbKCPOBk_dYlVIYJUAD3Ew\" data-size=\"invisible\"><\/div> <\/div><\/div><input type=\"hidden\" name=\"referer_url\" value=\"\" \/><div class=\"forminator-row forminator-row-last\"><div class=\"forminator-col\"><div class=\"forminator-field\"><button class=\"forminator-button forminator-button-submit\">Mesaj G&ouml;nder<\/button><\/div><\/div><\/div><input type=\"hidden\" id=\"forminator_nonce\" name=\"forminator_nonce\" value=\"a0b7981ba6\" \/><input type=\"hidden\" name=\"_wp_http_referer\" value=\"\/de\/wp-json\/wp\/v2\/pages\/205\" \/><input type=\"hidden\" name=\"form_id\" value=\"204\"><input type=\"hidden\" name=\"page_id\" value=\"205\"><input type=\"hidden\" name=\"form_type\" value=\"default\"><input type=\"hidden\" name=\"current_url\" value=\"https:\/\/nttechnic.com.tr\/de\/iletisim\/\"><input type=\"hidden\" name=\"render_id\" value=\"0\"><input type=\"hidden\" name=\"action\" value=\"forminator_submit_form_custom-forms\"><input type=\"hidden\" name=\"trp-form-language\" value=\"de\"\/><\/form>","protected":false},"excerpt":{"rendered":"","protected":false},"author":2,"featured_media":0,"parent":0,"menu_order":0,"comment_status":"closed","ping_status":"closed","template":"","meta":{"footnotes":""},"class_list":["post-205","page","type-page","status-publish","hentry"],"yoast_head":"<!-- This site is optimized with the Yoast SEO plugin v27.4 - https:\/\/yoast.com\/product\/yoast-seo-wordpress\/ -->\n<title>ileti\u015fim<\/title>\n<meta name=\"description\" content=\"ileti\u015fim formu sayfas\u0131\" \/>\n<meta name=\"robots\" content=\"index, follow, max-snippet:-1, max-image-preview:large, max-video-preview:-1\" \/>\n<link rel=\"canonical\" href=\"https:\/\/nttechnic.com.tr\/de\/iletisim\/\" \/>\n<meta property=\"og:locale\" content=\"de_DE\" \/>\n<meta property=\"og:type\" content=\"article\" \/>\n<meta property=\"og:title\" content=\"ileti\u015fim\" \/>\n<meta property=\"og:description\" content=\"ileti\u015fim formu sayfas\u0131\" \/>\n<meta property=\"og:url\" content=\"https:\/\/nttechnic.com.tr\/de\/iletisim\/\" \/>\n<meta property=\"og:site_name\" content=\"NT TECHNIC\" \/>\n<meta property=\"article:publisher\" content=\"https:\/\/www.fb.com\/nttechnic\" \/>\n<meta property=\"article:modified_time\" content=\"2025-01-21T09:02:03+00:00\" \/>\n<meta name=\"twitter:card\" content=\"summary_large_image\" \/>\n<meta name=\"twitter:label1\" content=\"Gesch\u00e4tzte Lesezeit\" \/>\n\t<meta name=\"twitter:data1\" content=\"1\u00a0Minute\" \/>\n<script type=\"application\/ld+json\" class=\"yoast-schema-graph\">{\"@context\":\"https:\\\/\\\/schema.org\",\"@graph\":[{\"@type\":[\"WebPage\",\"ContactPage\"],\"@id\":\"https:\\\/\\\/nttechnic.com.tr\\\/iletisim\\\/\",\"url\":\"https:\\\/\\\/nttechnic.com.tr\\\/iletisim\\\/\",\"name\":\"ileti\u015fim\",\"isPartOf\":{\"@id\":\"https:\\\/\\\/nttechnic.com.tr\\\/#website\"},\"datePublished\":\"2025-01-18T10:20:40+00:00\",\"dateModified\":\"2025-01-21T09:02:03+00:00\",\"description\":\"ileti\u015fim formu sayfas\u0131\",\"breadcrumb\":{\"@id\":\"https:\\\/\\\/nttechnic.com.tr\\\/iletisim\\\/#breadcrumb\"},\"inLanguage\":\"de\",\"potentialAction\":[{\"@type\":\"ReadAction\",\"target\":[\"https:\\\/\\\/nttechnic.com.tr\\\/iletisim\\\/\"]}]},{\"@type\":\"BreadcrumbList\",\"@id\":\"https:\\\/\\\/nttechnic.com.tr\\\/iletisim\\\/#breadcrumb\",\"itemListElement\":[{\"@type\":\"ListItem\",\"position\":1,\"name\":\"Anasayfa\",\"item\":\"https:\\\/\\\/nttechnic.com.tr\\\/\"},{\"@type\":\"ListItem\",\"position\":2,\"name\":\"\u0130leti\u015fim\"}]},{\"@type\":\"WebSite\",\"@id\":\"https:\\\/\\\/nttechnic.com.tr\\\/#website\",\"url\":\"https:\\\/\\\/nttechnic.com.tr\\\/\",\"name\":\"NT TECHNIC\",\"description\":\"N.T. Technic - Sound - Light - Vision - Stage - Systems\",\"publisher\":{\"@id\":\"https:\\\/\\\/nttechnic.com.tr\\\/#organization\"},\"potentialAction\":[{\"@type\":\"SearchAction\",\"target\":{\"@type\":\"EntryPoint\",\"urlTemplate\":\"https:\\\/\\\/nttechnic.com.tr\\\/?s={search_term_string}\"},\"query-input\":{\"@type\":\"PropertyValueSpecification\",\"valueRequired\":true,\"valueName\":\"search_term_string\"}}],\"inLanguage\":\"de\"},{\"@type\":\"Organization\",\"@id\":\"https:\\\/\\\/nttechnic.com.tr\\\/#organization\",\"name\":\"NT TECHNIC\",\"url\":\"https:\\\/\\\/nttechnic.com.tr\\\/\",\"logo\":{\"@type\":\"ImageObject\",\"inLanguage\":\"de\",\"@id\":\"https:\\\/\\\/nttechnic.com.tr\\\/#\\\/schema\\\/logo\\\/image\\\/\",\"url\":\"https:\\/\\/nttechnic.com.tr\\/wp-content\\/uploads\\/2025\\/01\\/cropped-ntlogo.png\",\"contentUrl\":\"https:\\/\\/nttechnic.com.tr\\/wp-content\\/uploads\\/2025\\/01\\/cropped-ntlogo.png\",\"width\":858,\"height\":859,\"caption\":\"NT TECHNIC\"},\"image\":{\"@id\":\"https:\\\/\\\/nttechnic.com.tr\\\/#\\\/schema\\\/logo\\\/image\\\/\"},\"sameAs\":[\"https:\\\/\\\/www.fb.com\\\/nttechnic\",\"https:\\\/\\\/www.instagram.com\\\/nttechnic\"]}]}<\/script>\n<!-- \/ Yoast SEO plugin. -->","yoast_head_json":{"title":"ileti\u015fim","description":"ileti\u015fim formu sayfas\u0131","robots":{"index":"index","follow":"follow","max-snippet":"max-snippet:-1","max-image-preview":"max-image-preview:large","max-video-preview":"max-video-preview:-1"},"canonical":"https:\/\/nttechnic.com.tr\/de\/iletisim\/","og_locale":"de_DE","og_type":"article","og_title":"ileti\u015fim","og_description":"ileti\u015fim formu sayfas\u0131","og_url":"https:\/\/nttechnic.com.tr\/de\/iletisim\/","og_site_name":"NT TECHNIC","article_publisher":"https:\/\/www.fb.com\/nttechnic","article_modified_time":"2025-01-21T09:02:03+00:00","twitter_card":"summary_large_image","twitter_misc":{"Gesch\u00e4tzte Lesezeit":"1\u00a0Minute"},"schema":{"@context":"https:\/\/schema.org","@graph":[{"@type":["WebPage","ContactPage"],"@id":"https:\/\/nttechnic.com.tr\/iletisim\/","url":"https:\/\/nttechnic.com.tr\/iletisim\/","name":"ileti\u015fim","isPartOf":{"@id":"https:\/\/nttechnic.com.tr\/#website"},"datePublished":"2025-01-18T10:20:40+00:00","dateModified":"2025-01-21T09:02:03+00:00","description":"ileti\u015fim formu sayfas\u0131","breadcrumb":{"@id":"https:\/\/nttechnic.com.tr\/iletisim\/#breadcrumb"},"inLanguage":"de","potentialAction":[{"@type":"ReadAction","target":["https:\/\/nttechnic.com.tr\/iletisim\/"]}]},{"@type":"BreadcrumbList","@id":"https:\/\/nttechnic.com.tr\/iletisim\/#breadcrumb","itemListElement":[{"@type":"ListItem","position":1,"name":"Anasayfa","item":"https:\/\/nttechnic.com.tr\/"},{"@type":"ListItem","position":2,"name":"\u0130leti\u015fim"}]},{"@type":"WebSite","@id":"https:\/\/nttechnic.com.tr\/#website","url":"https:\/\/nttechnic.com.tr\/","name":"NT TECHNIC","description":"N.T. Technic - Sound - Light - Vision - Stage - Systems","publisher":{"@id":"https:\/\/nttechnic.com.tr\/#organization"},"potentialAction":[{"@type":"SearchAction","target":{"@type":"EntryPoint","urlTemplate":"https:\/\/nttechnic.com.tr\/?s={search_term_string}"},"query-input":{"@type":"PropertyValueSpecification","valueRequired":true,"valueName":"search_term_string"}}],"inLanguage":"de"},{"@type":"Organization","@id":"https:\/\/nttechnic.com.tr\/#organization","name":"NT TECHNIC","url":"https:\/\/nttechnic.com.tr\/","logo":{"@type":"ImageObject","inLanguage":"de","@id":"https:\/\/nttechnic.com.tr\/#\/schema\/logo\/image\/","url":"https:\/\/ml7acoss9dbw.i.optimole.com\/w:auto\/h:auto\/q:mauto\/f:best\/https:\/\/nttechnic.com.tr\/wp-content\/uploads\/2025\/01\/cropped-ntlogo.png","contentUrl":"https:\/\/ml7acoss9dbw.i.optimole.com\/w:auto\/h:auto\/q:mauto\/f:best\/https:\/\/nttechnic.com.tr\/wp-content\/uploads\/2025\/01\/cropped-ntlogo.png","width":858,"height":859,"caption":"NT TECHNIC"},"image":{"@id":"https:\/\/nttechnic.com.tr\/#\/schema\/logo\/image\/"},"sameAs":["https:\/\/www.fb.com\/nttechnic","https:\/\/www.instagram.com\/nttechnic"]}]}},"_links":{"self":[{"href":"https:\/\/nttechnic.com.tr\/de\/wp-json\/wp\/v2\/pages\/205","targetHints":{"allow":["GET"]}}],"collection":[{"href":"https:\/\/nttechnic.com.tr\/de\/wp-json\/wp\/v2\/pages"}],"about":[{"href":"https:\/\/nttechnic.com.tr\/de\/wp-json\/wp\/v2\/types\/page"}],"author":[{"embeddable":true,"href":"https:\/\/nttechnic.com.tr\/de\/wp-json\/wp\/v2\/users\/2"}],"replies":[{"embeddable":true,"href":"https:\/\/nttechnic.com.tr\/de\/wp-json\/wp\/v2\/comments?post=205"}],"version-history":[{"count":0,"href":"https:\/\/nttechnic.com.tr\/de\/wp-json\/wp\/v2\/pages\/205\/revisions"}],"wp:attachment":[{"href":"https:\/\/nttechnic.com.tr\/de\/wp-json\/wp\/v2\/media?parent=205"}],"curies":[{"name":"wp","href":"https:\/\/api.w.org\/{rel}","templated":true}]}}